{"id":624,"date":"2026-01-29T10:13:36","date_gmt":"2026-01-29T10:13:36","guid":{"rendered":"https:\/\/victornwadinobi.com\/governors-forum\/?page_id=624"},"modified":"2026-01-29T12:54:42","modified_gmt":"2026-01-29T12:54:42","slug":"registration-fr","status":"publish","type":"page","link":"https:\/\/victornwadinobi.com\/governors-forum\/fr\/registration-fr\/","title":{"rendered":"Inscription"},"content":{"rendered":"\t\t<div data-elementor-type=\"wp-page\" data-elementor-id=\"624\" class=\"elementor elementor-624\" data-elementor-post-type=\"page\">\n\t\t\t\t<div class=\"elementor-element elementor-element-a8cf1e0 e-con-full e-flex wpr-particle-no wpr-jarallax-no wpr-parallax-no wpr-sticky-section-no e-con e-parent\" data-id=\"a8cf1e0\" data-element_type=\"container\" data-e-type=\"container\" data-settings=\"{&quot;background_background&quot;:&quot;classic&quot;}\">\n\t\t\t\t<div class=\"elementor-element elementor-element-cee2194 exad-sticky-section-no exad-glass-effect-no elementor-widget elementor-widget-heading\" data-id=\"cee2194\" data-element_type=\"widget\" data-e-type=\"widget\" data-widget_type=\"heading.default\">\n\t\t\t\t\t<h2 class=\"elementor-heading-title elementor-size-default\">Inscription<\/h2>\t\t\t\t<\/div>\n\t\t\t\t<\/div>\n\t\t<div class=\"elementor-element elementor-element-969c0ce e-con-full e-flex wpr-particle-no wpr-jarallax-no wpr-parallax-no wpr-sticky-section-no e-con e-child\" data-id=\"969c0ce\" data-element_type=\"container\" data-e-type=\"container\">\n\t\t<div class=\"elementor-element elementor-element-f6546ca e-con-full e-flex wpr-particle-no wpr-jarallax-no wpr-parallax-no wpr-sticky-section-no e-con e-child\" data-id=\"f6546ca\" data-element_type=\"container\" data-e-type=\"container\" data-settings=\"{&quot;background_background&quot;:&quot;classic&quot;}\">\n\t\t<div class=\"elementor-element elementor-element-44d4592 e-con-full e-flex wpr-particle-no wpr-jarallax-no wpr-parallax-no wpr-sticky-section-no e-con e-child\" data-id=\"44d4592\" data-element_type=\"container\" data-e-type=\"container\">\n\t\t\t\t<div class=\"elementor-element elementor-element-171de0d exad-sticky-section-no exad-glass-effect-no elementor-invisible elementor-widget elementor-widget-heading\" data-id=\"171de0d\" data-element_type=\"widget\" data-e-type=\"widget\" data-settings=\"{&quot;_animation&quot;:&quot;xpro-anim-mask-from-left&quot;,&quot;_animation_delay&quot;:100}\" data-widget_type=\"heading.default\">\n\t\t\t\t\t<h2 class=\"elementor-heading-title elementor-size-default\"> Inscrivez-vous pour r\u00e9server votre place. \u00bb<\/h2>\t\t\t\t<\/div>\n\t\t\t\t<div class=\"elementor-element elementor-element-7574f8b elementor-widget__width-inherit exad-sticky-section-no exad-glass-effect-no elementor-invisible elementor-widget elementor-widget-text-editor\" data-id=\"7574f8b\" data-element_type=\"widget\" data-e-type=\"widget\" data-settings=\"{&quot;_animation&quot;:&quot;xpro-anim-mask-from-left&quot;,&quot;_animation_delay&quot;:100}\" data-widget_type=\"text-editor.default\">\n\t\t\t\t\t\t\t\t\t<p>La 5\u1d49 \u00e9dition du Forum des Gouverneurs du Bassin du Lac Tchad pour la coop\u00e9ration r\u00e9gionale en mati\u00e8re de stabilisation, de consolidation de la paix et de d\u00e9veloppement durable se d\u00e9roulera selon un format hybride, afin de permettre la participation \u00e0 la fois en pr\u00e9sentiel et en ligne.<\/p>\t\t\t\t\t\t\t\t<\/div>\n\t\t\t\t<\/div>\n\t\t<div class=\"elementor-element elementor-element-7f54390 e-con-full e-flex wpr-particle-no wpr-jarallax-no wpr-parallax-no wpr-sticky-section-no e-con e-child\" data-id=\"7f54390\" data-element_type=\"container\" data-e-type=\"container\">\n\t\t\t\t<div class=\"elementor-element elementor-element-2d3aeb2 exad-sticky-section-no exad-glass-effect-no elementor-invisible elementor-widget elementor-widget-heading\" data-id=\"2d3aeb2\" data-element_type=\"widget\" data-e-type=\"widget\" data-settings=\"{&quot;_animation&quot;:&quot;xpro-anim-mask-from-left&quot;,&quot;_animation_delay&quot;:100}\" data-widget_type=\"heading.default\">\n\t\t\t\t\t<h2 class=\"elementor-heading-title elementor-size-default\">R\u00e9servez votre place, utilisez les liens ci-dessous pour vous inscrire<\/h2>\t\t\t\t<\/div>\n\t\t\t\t<div class=\"elementor-element elementor-element-87f9a7a elementor-widget__width-inherit exad-sticky-section-no exad-glass-effect-no elementor-invisible elementor-widget elementor-widget-text-editor\" data-id=\"87f9a7a\" data-element_type=\"widget\" data-e-type=\"widget\" data-settings=\"{&quot;_animation&quot;:&quot;xpro-anim-mask-from-left&quot;,&quot;_animation_delay&quot;:100}\" data-widget_type=\"text-editor.default\">\n\t\t\t\t\t\t\t\t\t<div class=\"flex flex-col text-sm pb-25\"><article class=\"text-token-text-primary w-full focus:outline-none [--shadow-height:45px] has-data-writing-block:pointer-events-none has-data-writing-block:-mt-(--shadow-height) has-data-writing-block:pt-(--shadow-height) [&amp;:has([data-writing-block])&gt;*]:pointer-events-auto scroll-mt-[calc(var(--header-height)+min(200px,max(70px,20svh)))]\" dir=\"auto\" tabindex=\"-1\" data-turn-id=\"request-WEB:de627894-6617-40cb-a22f-13e1227e40a1-77\" data-testid=\"conversation-turn-138\" data-scroll-anchor=\"true\" data-turn=\"assistant\"><div class=\"text-base my-auto mx-auto pb-10 [--thread-content-margin:--spacing(4)] @w-sm\/main:[--thread-content-margin:--spacing(6)] @w-lg\/main:[--thread-content-margin:--spacing(16)] px-(--thread-content-margin)\"><div class=\"[--thread-content-max-width:40rem] @w-lg\/main:[--thread-content-max-width:48rem] mx-auto max-w-(--thread-content-max-width) flex-1 group\/turn-messages focus-visible:outline-hidden relative flex w-full min-w-0 flex-col agent-turn\" tabindex=\"-1\"><div class=\"flex max-w-full flex-col grow\"><div class=\"min-h-8 text-message relative flex w-full flex-col items-end gap-2 text-start break-words whitespace-normal [.text-message+&amp;]:mt-1\" dir=\"auto\" data-message-author-role=\"assistant\" data-message-id=\"0c4b8046-d430-459e-9f04-297cd750e3fb\" data-message-model-slug=\"gpt-5-mini\"><div class=\"flex w-full flex-col gap-1 empty:hidden first:pt-[1px]\"><div class=\"markdown prose dark:prose-invert w-full wrap-break-word dark markdown-new-styling\"><ul><li data-start=\"56\" data-end=\"218\">Pour participer en personne, envoyez un e-mail \u00e0 : LCB_GovForum.cblt.org<\/li><li data-start=\"56\" data-end=\"218\">Pour participer en ligne, inscrivez-vous ici : <a class=\"decorated-link\" href=\"https:\/\/bit.ly\/4f63haJ\" target=\"_new\" rel=\"noopener\" data-start=\"192\" data-end=\"214\">https:\/\/bit.ly\/4f63haJ<\/a><\/li><\/ul><\/div><\/div><\/div><\/div><div class=\"z-0 flex min-h-[46px] justify-start\">\u00a0<\/div><div class=\"mt-3 w-full empty:hidden\"><div class=\"text-center\">\u00a0<\/div><\/div><\/div><\/div><\/article><\/div><div class=\"pointer-events-none h-px w-px absolute bottom-0\" aria-hidden=\"true\" data-edge=\"true\">\u00a0<\/div>\t\t\t\t\t\t\t\t<\/div>\n\t\t\t\t<div class=\"elementor-element elementor-element-32c5a5b elementor-widget__width-inherit exad-sticky-section-no exad-glass-effect-no elementor-invisible elementor-widget elementor-widget-text-editor\" data-id=\"32c5a5b\" data-element_type=\"widget\" data-e-type=\"widget\" data-settings=\"{&quot;_animation&quot;:&quot;xpro-anim-mask-from-left&quot;,&quot;_animation_delay&quot;:100}\" data-widget_type=\"text-editor.default\">\n\t\t\t\t\t\t\t\t\t<div class=\"flex flex-col text-sm pb-25\"><article class=\"text-token-text-primary w-full focus:outline-none [--shadow-height:45px] has-data-writing-block:pointer-events-none has-data-writing-block:-mt-(--shadow-height) has-data-writing-block:pt-(--shadow-height) [&amp;:has([data-writing-block])&gt;*]:pointer-events-auto scroll-mt-[calc(var(--header-height)+min(200px,max(70px,20svh)))]\" dir=\"auto\" tabindex=\"-1\" data-turn-id=\"request-WEB:de627894-6617-40cb-a22f-13e1227e40a1-78\" data-testid=\"conversation-turn-140\" data-scroll-anchor=\"true\" data-turn=\"assistant\"><div class=\"text-base my-auto mx-auto pb-10 [--thread-content-margin:--spacing(4)] @w-sm\/main:[--thread-content-margin:--spacing(6)] @w-lg\/main:[--thread-content-margin:--spacing(16)] px-(--thread-content-margin)\"><div class=\"[--thread-content-max-width:40rem] @w-lg\/main:[--thread-content-max-width:48rem] mx-auto max-w-(--thread-content-max-width) flex-1 group\/turn-messages focus-visible:outline-hidden relative flex w-full min-w-0 flex-col agent-turn\" tabindex=\"-1\"><div class=\"flex max-w-full flex-col grow\"><div class=\"min-h-8 text-message relative flex w-full flex-col items-end gap-2 text-start break-words whitespace-normal [.text-message+&amp;]:mt-1\" dir=\"auto\" data-message-author-role=\"assistant\" data-message-id=\"3bf31222-aeff-4b7a-807e-55fad3b9e2c9\" data-message-model-slug=\"gpt-5-mini\"><div class=\"flex w-full flex-col gap-1 empty:hidden first:pt-[1px]\"><div class=\"markdown prose dark:prose-invert w-full wrap-break-word dark markdown-new-styling\"><p data-start=\"58\" data-end=\"277\">Les organisateurs des \u00e9v\u00e9nements du Pr\u00e9-Forum produiront des documents de r\u00e9sultats qui alimenteront les discussions avec les huit gouverneurs du Bassin du Lac Tchad lors de leurs sessions \u00e0 huis clos.<\/p><\/div><\/div><\/div><\/div><\/div><\/div><\/article><\/div><div class=\"pointer-events-none h-px w-px absolute bottom-0\" aria-hidden=\"true\" data-edge=\"true\">\u00a0<\/div>\t\t\t\t\t\t\t\t<\/div>\n\t\t\t\t<div class=\"elementor-element elementor-element-45aafdd elementor-widget__width-inherit exad-sticky-section-no exad-glass-effect-no elementor-invisible elementor-widget elementor-widget-text-editor\" data-id=\"45aafdd\" data-element_type=\"widget\" data-e-type=\"widget\" data-settings=\"{&quot;_animation&quot;:&quot;xpro-anim-mask-from-left&quot;,&quot;_animation_delay&quot;:100}\" data-widget_type=\"text-editor.default\">\n\t\t\t\t\t\t\t\t\t<p>En participant au forum, les participants auront l\u2019opportunit\u00e9 de :<\/p>\t\t\t\t\t\t\t\t<\/div>\n\t\t\t\t<div class=\"elementor-element elementor-element-25e27a9 elementor-widget__width-inherit exad-sticky-section-no exad-glass-effect-no elementor-invisible elementor-widget elementor-widget-text-editor\" data-id=\"25e27a9\" data-element_type=\"widget\" data-e-type=\"widget\" data-settings=\"{&quot;_animation&quot;:&quot;xpro-anim-mask-from-left&quot;,&quot;_animation_delay&quot;:100}\" data-widget_type=\"text-editor.default\">\n\t\t\t\t\t\t\t\t\t<p>Nous nous r\u00e9jouissons de votre participation et de vos contributions pr\u00e9cieuses aux discussions visant \u00e0 favoriser la stabilit\u00e9, la paix et le d\u00e9veloppement durable dans la r\u00e9gion du Bassin du Lac Tchad.<\/p>\t\t\t\t\t\t\t\t<\/div>\n\t\t\t\t<\/div>\n\t\t<div class=\"elementor-element elementor-element-feb96d1 e-con-full e-flex wpr-particle-no wpr-jarallax-no wpr-parallax-no wpr-sticky-section-no e-con e-child\" data-id=\"feb96d1\" data-element_type=\"container\" data-e-type=\"container\">\n\t\t\t\t<div class=\"elementor-element elementor-element-d4ec54f exad-sticky-section-no exad-glass-effect-no elementor-invisible elementor-widget elementor-widget-heading\" data-id=\"d4ec54f\" data-element_type=\"widget\" data-e-type=\"widget\" data-settings=\"{&quot;_animation&quot;:&quot;xpro-anim-mask-from-left&quot;,&quot;_animation_delay&quot;:100}\" data-widget_type=\"heading.default\">\n\t\t\t\t\t<h2 class=\"elementor-heading-title elementor-size-default\">Pour plus d\u2019informations et pour les demandes des m\u00e9dias, contactez :<\/h2>\t\t\t\t<\/div>\n\t\t\t\t<div class=\"elementor-element elementor-element-59cb1ae elementor-widget__width-inherit exad-sticky-section-no exad-glass-effect-no elementor-invisible elementor-widget elementor-widget-text-editor\" data-id=\"59cb1ae\" data-element_type=\"widget\" data-e-type=\"widget\" data-settings=\"{&quot;_animation&quot;:&quot;xpro-anim-mask-from-left&quot;,&quot;_animation_delay&quot;:100}\" data-widget_type=\"text-editor.default\">\n\t\t\t\t\t\t\t\t\t<ul role=\"list\"><li><strong data-start=\"64\" data-end=\"87\">Hon. Abdullahi Bego<\/strong>, Commissaire \u00e0 l\u2019Information, \u00c9tat de Yobe, Nig\u00e9ria | <a href=\"http:\/\/abdullahi.bego@gma\">abdullahi.bego@gma<\/a>il.com<\/li><li><strong data-start=\"173\" data-end=\"203\">Joseph Fajong Joseph Lereh<\/strong>, Sp\u00e9cialiste en Communication, Commission du Bassin du Lac Tchad |<a href=\"j.fajong@cblt.org\"> j.fajong@cblt.org<\/a><\/li><li><strong data-start=\"295\" data-end=\"327\">Ugochukwu Kingsley Ahuchaogu<\/strong>, Analyste r\u00e9gional en communication, PNUD \u2013 Hub sous-r\u00e9gional pour l\u2019Afrique de l\u2019Ouest et Centrale | <a href=\"ugochukwu.kingsley@undp.org\">ugochukwu.kingsley@undp.org<\/a><\/li><\/ul>\t\t\t\t\t\t\t\t<\/div>\n\t\t\t\t<\/div>\n\t\t\t\t<\/div>\n\t\t\t\t<\/div>\n\t\t\t\t<\/div>\n\t\t","protected":false},"excerpt":{"rendered":"<p>Inscription Inscrivez-vous pour r\u00e9server votre place. \u00bb La 5\u1d49 \u00e9dition du Forum des Gouverneurs du Bassin du Lac Tchad pour la coop\u00e9ration r\u00e9gionale en mati\u00e8re de stabilisation, de consolidation de la paix et de d\u00e9veloppement durable se d\u00e9roulera selon un format hybride, afin de permettre la participation \u00e0 la fois en pr\u00e9sentiel et en ligne. R\u00e9servez votre place, utilisez les liens ci-dessous pour vous inscrire Pour participer en personne, envoyez un e-mail \u00e0 : LCB_GovForum.cblt.org Pour participer en ligne, inscrivez-vous ici : https:\/\/bit.ly\/4f63haJ \u00a0\u00a0 \u00a0 Les organisateurs des \u00e9v\u00e9nements du Pr\u00e9-Forum produiront des documents de r\u00e9sultats qui alimenteront les discussions avec les huit gouverneurs du Bassin du Lac Tchad lors de leurs sessions \u00e0 huis clos. \u00a0 En participant au forum, les participants auront l\u2019opportunit\u00e9 de : Nous nous r\u00e9jouissons de votre participation et de vos contributions pr\u00e9cieuses aux discussions visant \u00e0 favoriser la stabilit\u00e9, la paix et le d\u00e9veloppement durable dans la r\u00e9gion du Bassin du Lac Tchad. Pour plus d\u2019informations et pour les demandes des m\u00e9dias, contactez : Hon. Abdullahi Bego, Commissaire \u00e0 l\u2019Information, \u00c9tat de Yobe, Nig\u00e9ria | abdullahi.bego@gmail.com Joseph Fajong Joseph Lereh, Sp\u00e9cialiste en Communication, Commission du Bassin du Lac Tchad | j.fajong@cblt.org Ugochukwu Kingsley Ahuchaogu, Analyste r\u00e9gional en communication, PNUD \u2013 Hub sous-r\u00e9gional pour l\u2019Afrique de l\u2019Ouest et Centrale | ugochukwu.kingsley@undp.org<\/p>\n","protected":false},"author":1,"featured_media":0,"parent":0,"menu_order":0,"comment_status":"closed","ping_status":"closed","template":"","meta":{"site-sidebar-layout":"no-sidebar","site-content-layout":"","ast-site-content-layout":"full-width-container","site-content-style":"default","site-sidebar-style":"default","ast-global-header-display":"","ast-banner-title-visibility":"","ast-main-header-display":"","ast-hfb-above-header-display":"","ast-hfb-below-header-display":"","ast-hfb-mobile-header-display":"","site-post-title":"disabled","ast-breadcrumbs-content":"","ast-featured-img":"disabled","footer-sml-layout":"","theme-transparent-header-meta":"","adv-header-id-meta":"","stick-header-meta":"","header-above-stick-meta":"","header-main-stick-meta":"","header-below-stick-meta":"","astra-migrate-meta-layouts":"default","ast-page-background-enabled":"default","ast-page-background-meta":{"desktop":{"background-color":"var(--ast-global-color-5)","background-image":"","background-repeat":"repeat","background-position":"center center","background-size":"auto","background-attachment":"scroll","background-type":"","background-media":"","overlay-type":"","overlay-color":"","overlay-opacity":"","overlay-gradient":""},"tablet":{"background-color":"","background-image":"","background-repeat":"repeat","background-position":"center center","background-size":"auto","background-attachment":"scroll","background-type":"","background-media":"","overlay-type":"","overlay-color":"","overlay-opacity":"","overlay-gradient":""},"mobile":{"background-color":"","background-image":"","background-repeat":"repeat","background-position":"center center","background-size":"auto","background-attachment":"scroll","background-type":"","background-media":"","overlay-type":"","overlay-color":"","overlay-opacity":"","overlay-gradient":""}},"ast-content-background-meta":{"desktop":{"background-color":"var(--ast-global-color-4)","background-image":"","background-repeat":"repeat","background-position":"center center","background-size":"auto","background-attachment":"scroll","background-type":"","background-media":"","overlay-type":"","overlay-color":"","overlay-opacity":"","overlay-gradient":""},"tablet":{"background-color":"var(--ast-global-color-4)","background-image":"","background-repeat":"repeat","background-position":"center center","background-size":"auto","background-attachment":"scroll","background-type":"","background-media":"","overlay-type":"","overlay-color":"","overlay-opacity":"","overlay-gradient":""},"mobile":{"background-color":"var(--ast-global-color-4)","background-image":"","background-repeat":"repeat","background-position":"center center","background-size":"auto","background-attachment":"scroll","background-type":"","background-media":"","overlay-type":"","overlay-color":"","overlay-opacity":"","overlay-gradient":""}},"footnotes":""},"class_list":["post-624","page","type-page","status-publish","hentry"],"lang":"fr","translations":{"fr":624,"en":21},"pll_sync_post":[],"_links":{"self":[{"href":"https:\/\/victornwadinobi.com\/governors-forum\/wp-json\/wp\/v2\/pages\/624","targetHints":{"allow":["GET"]}}],"collection":[{"href":"https:\/\/victornwadinobi.com\/governors-forum\/wp-json\/wp\/v2\/pages"}],"about":[{"href":"https:\/\/victornwadinobi.com\/governors-forum\/wp-json\/wp\/v2\/types\/page"}],"author":[{"embeddable":true,"href":"https:\/\/victornwadinobi.com\/governors-forum\/wp-json\/wp\/v2\/users\/1"}],"replies":[{"embeddable":true,"href":"https:\/\/victornwadinobi.com\/governors-forum\/wp-json\/wp\/v2\/comments?post=624"}],"version-history":[{"count":11,"href":"https:\/\/victornwadinobi.com\/governors-forum\/wp-json\/wp\/v2\/pages\/624\/revisions"}],"predecessor-version":[{"id":777,"href":"https:\/\/victornwadinobi.com\/governors-forum\/wp-json\/wp\/v2\/pages\/624\/revisions\/777"}],"wp:attachment":[{"href":"https:\/\/victornwadinobi.com\/governors-forum\/wp-json\/wp\/v2\/media?parent=624"}],"curies":[{"name":"wp","href":"https:\/\/api.w.org\/{rel}","templated":true}]}}